{"id":6,"date":"2017-01-30T03:39:17","date_gmt":"2017-01-30T03:39:17","guid":{"rendered":"https:\/\/demo.themegrill.com\/flash-construction-2\/?page_id=6"},"modified":"2026-02-13T15:22:46","modified_gmt":"2026-02-13T14:22:46","slug":"home","status":"publish","type":"page","link":"https:\/\/salonaleje.pl\/","title":{"rendered":"Home"},"content":{"rendered":"<div id=\"pl-6\"  class=\"panel-layout\" ><div id=\"pg-6-0\"  class=\"panel-grid panel-has-style\" ><div class=\"siteorigin-panels-stretch panel-row-style panel-row-style-for-6-0\" data-stretch-type=\"full-stretched\" ><div id=\"pgc-6-0-0\"  class=\"panel-grid-cell\" ><div id=\"panel-6-0-0-0\" class=\"so-panel widget widget_themegrill_flash_slider tg-section tg-slider-widget panel-first-child panel-last-child\" data-index=\"0\" ><div class=\"tg-slider-widget slider-light slider-content-left slider-control-center full-width\">\n\t<div class=\"swiper-container\">\n\t\t<div class=\"swiper-wrapper\">\n\t\t\t\n\t\t\t\t\t<div class=\"swiper-slide\">\n\t\t\t\t\t\t<figure class=\"slider-image\" >\n\t\t\t\t\t\t\t<img fetchpriority=\"high\" width=\"1452\" height=\"697\"\t\t\t\t\t\t\t\t\tsrc=\"https:\/\/salonaleje.pl\/wp-content\/uploads\/2022\/12\/slajd1.jpeg\"\n\t\t\t\t\t\t\t\t\talt=\"STW\u00d3RZ SWOJ\u0104 HARMONI\u0118\"\n\t\t\t\t\t\t\t\t\ttitle=\"STW\u00d3RZ SWOJ\u0104 HARMONI\u0118\"\/>\n\t\t\t\t\t\t\t<div class=\"overlay\"><\/div>\n\t\t\t\t\t\t<\/figure>\n\t\t\t\t\t\t<div class=\"slider-content\">\n\t\t\t\t\t\t\t<div class=\"tg-container\">\n\t\t\t\t\t\t\t\t<div class=\"caption-title\">STW\u00d3RZ SWOJ\u0104 HARMONI\u0118<\/div>\n\t\t\t\t\t\t\t\t<div class=\"caption-desc\">DRZWI OKNA PANELE\nAleje Powsta\u0144c\u00f3w Wlkp. 51a\n63-700 Krotoszyn<\/div>\n\t\t\t\t\t\t\t\t\t\t\t\t\t\t\t\t\t<div class=\"btn-wrapper\">\n\t\t\t\t\t\t\t\t\t\t<a href=\"https:\/\/salonaleje.pl\/?page_id=236\">Nasze produkty<\/a>\n\t\t\t\t\t\t\t\t\t<\/div>\n\t\t\t\t\t\t\t\t\t\t\t\t\t\t\t<\/div>\n\t\t\t\t\t\t<\/div>\n\t\t\t\t\t<\/div>\n\n\t\t\t\t\n\t\t\t\t\t<div class=\"swiper-slide\">\n\t\t\t\t\t\t<figure class=\"slider-image\" >\n\t\t\t\t\t\t\t<img width=\"1452\" height=\"771\"\t\t\t\t\t\t\t\t\tsrc=\"https:\/\/salonaleje.pl\/wp-content\/uploads\/2022\/12\/slajd2-1.jpg\"\n\t\t\t\t\t\t\t\t\talt=\"DRZWI OKNA PANELE\"\n\t\t\t\t\t\t\t\t\ttitle=\"DRZWI OKNA PANELE\"\/>\n\t\t\t\t\t\t\t<div class=\"overlay\"><\/div>\n\t\t\t\t\t\t<\/figure>\n\t\t\t\t\t\t<div class=\"slider-content\">\n\t\t\t\t\t\t\t<div class=\"tg-container\">\n\t\t\t\t\t\t\t\t<div class=\"caption-title\">DRZWI OKNA PANELE<\/div>\n\t\t\t\t\t\t\t\t<div class=\"caption-desc\"><\/div>\n\t\t\t\t\t\t\t\t\t\t\t\t\t\t\t\t\t<div class=\"btn-wrapper\">\n\t\t\t\t\t\t\t\t\t\t<a href=\"https:\/\/salonaleje.pl\/?page_id=236\">Nasze produkty<\/a>\n\t\t\t\t\t\t\t\t\t<\/div>\n\t\t\t\t\t\t\t\t\t\t\t\t\t\t\t<\/div>\n\t\t\t\t\t\t<\/div>\n\t\t\t\t\t<\/div>\n\n\t\t\t\t\t\t<\/div>\n\t\t<div class=\"swiper-pagination\"><\/div>\n\t\t<div class=\"slider-arrow\">\n\t\t\t<div class=\"swiper-button-next\"><\/div>\n\t\t\t<div class=\"swiper-button-prev\"><\/div>\n\t\t<\/div>\n\t<\/div>\n<\/div>\n<\/div><\/div><\/div><\/div><div id=\"pg-6-1\"  class=\"panel-grid panel-has-style\" ><div class=\"siteorigin-panels-stretch panel-row-style panel-row-style-for-6-1\" data-stretch-type=\"full\" ><div id=\"pgc-6-1-0\"  class=\"panel-grid-cell\" ><div id=\"panel-6-1-0-0\" class=\"so-panel widget widget_themegrill_flash_cta tg-widget call-to-action-section panel-first-child panel-last-child\" data-index=\"1\" ><div class=\"panel-widget-style panel-widget-style-for-6-1-0-0\" ><div class=\"cta-wrapper call-to-action-section-layout-2\">\n\t<div class=\"section-title-wrapper\">\n\t\t\t\t<h3 class=\"section-title\">Nasze produkty i us\u0142ugi<\/h3>\n\t\t\t<\/div>\n\t\t<div class=\"btn-wrapper\">\n\t\t\t\t\t\t<a class=\"btn\" href=\"#\">Wi\u0119cej<\/a>\n\t\t\t<\/div>\n\t<\/div>\n<\/div><\/div><\/div><\/div><\/div><div id=\"pg-6-2\"  class=\"panel-grid panel-has-style\" ><div class=\"siteorigin-panels-stretch panel-row-style panel-row-style-for-6-2\" data-stretch-type=\"full\" ><div id=\"pgc-6-2-0\"  class=\"panel-grid-cell\" ><div id=\"panel-6-2-0-0\" class=\"so-panel widget widget_themegrill_flash_service tg-widget tg-single-service panel-first-child panel-last-child\" data-index=\"2\" ><div class=\"flash_inherit_color panel-widget-style panel-widget-style-for-6-2-0-0\" >\n<div class=\"tg-service-widget tg-service-layout-1\">\n\t<div class=\"service-wrapper\">\n\t\t<div class=\"service-icon-title-wrapper clearfix\">\n\t\t\t\t\t\t\t\t\t<figure class=\"service-image-wrap\"><img decoding=\"async\" src=\"https:\/\/salonaleje.pl\/wp-content\/uploads\/2022\/12\/drzwi_dre-1.jpg\" \/><\/figure>\n\t\t\t\t\t\t\t\t\t<h3 class=\"service-title-wrap\">\n\t\t\t\tDrzwi wewn\u0119trzne i zewn\u0119trzne\t\t\t\t\t\t\t<\/h3>\n\t\t\t\t\t<\/div>\n\t\t\t\t<div class=\"service-content-wrap\">Oferujemy szerok\u0105 gam\u0119 drzwi zewn\u0119trznych i wewn\u0119trznych wiod\u0105cych producent\u00f3w na rynku polskim.<\/div>\n\t\t\t\t\t<\/div>\n<\/div>\n<\/div><\/div><\/div><div id=\"pgc-6-2-1\"  class=\"panel-grid-cell\" ><div id=\"panel-6-2-1-0\" class=\"so-panel widget widget_themegrill_flash_service tg-widget tg-single-service panel-first-child panel-last-child\" data-index=\"3\" ><div class=\"flash_inherit_color panel-widget-style panel-widget-style-for-6-2-1-0\" >\n<div class=\"tg-service-widget tg-service-layout-1\">\n\t<div class=\"service-wrapper\">\n\t\t<div class=\"service-icon-title-wrapper clearfix\">\n\t\t\t\t\t\t\t\t\t<figure class=\"service-image-wrap\"><img decoding=\"async\" src=\"https:\/\/salonaleje.pl\/wp-content\/uploads\/2022\/12\/panele.jpg\" \/><\/figure>\n\t\t\t\t\t\t\t\t\t<h3 class=\"service-title-wrap\">\n\t\t\t\tPanele pod\u0142ogowe\t\t\t\t\t\t\t<\/h3>\n\t\t\t\t\t<\/div>\n\t\t\t\t<div class=\"service-content-wrap\">Oferujemy panele pod\u0142ogowe w szerokiej gamie kolor\u00f3w i wzor\u00f3w.<\/div>\n\t\t\t\t\t<\/div>\n<\/div>\n<\/div><\/div><\/div><div id=\"pgc-6-2-2\"  class=\"panel-grid-cell\" ><div id=\"panel-6-2-2-0\" class=\"so-panel widget widget_themegrill_flash_service tg-widget tg-single-service panel-first-child panel-last-child\" data-index=\"4\" ><div class=\"flash_inherit_color panel-widget-style panel-widget-style-for-6-2-2-0\" >\n<div class=\"tg-service-widget tg-service-layout-1\">\n\t<div class=\"service-wrapper\">\n\t\t<div class=\"service-icon-title-wrapper clearfix\">\n\t\t\t\t\t\t\t\t\t<figure class=\"service-image-wrap\"><img decoding=\"async\" src=\"https:\/\/salonaleje.pl\/wp-content\/uploads\/2022\/12\/akcesoria7.jpg\" \/><\/figure>\n\t\t\t\t\t\t\t\t\t<h3 class=\"service-title-wrap\">\n\t\t\t\tAkcesoria\t\t\t\t\t\t\t<\/h3>\n\t\t\t\t\t<\/div>\n\t\t\t\t<div class=\"service-content-wrap\">W ci\u0105g\u0142ej sprzeda\u017cy oferujemy akcesoria do drzwi, okien, rolet i \u017caluzji.<\/div>\n\t\t\t\t\t<\/div>\n<\/div>\n<\/div><\/div><\/div><\/div><\/div><div id=\"pg-6-3\"  class=\"panel-grid panel-has-style\" ><div class=\"siteorigin-panels-stretch panel-row-style panel-row-style-for-6-3\" data-stretch-type=\"full\" ><div id=\"pgc-6-3-0\"  class=\"panel-grid-cell\" ><div id=\"panel-6-3-0-0\" class=\"so-panel widget widget_text panel-first-child panel-last-child\" data-index=\"5\" ><div class=\"flash_inherit_color panel-widget-style panel-widget-style-for-6-3-0-0\" >\t\t\t<div class=\"textwidget\"><h2>Dlaczego warto nas wybra\u0107?<\/h2>\n<p>Fachowe doradztwo, mi\u0142a obs\u0142uga i szybkie terminy wykonania powierzonych prac<\/p><\/div>\n\t\t<\/div><\/div><\/div><div id=\"pgc-6-3-1\"  class=\"panel-grid-cell\" ><div id=\"panel-6-3-1-0\" class=\"so-panel widget widget_themegrill_flash_counter tg-widget tg-single-counter panel-first-child panel-last-child\" data-index=\"6\" ><div class=\"flash_inherit_color panel-widget-style panel-widget-style-for-6-3-1-0\" ><div class=\"fun-facts-section\">\n\t<div class=\"tg-fun-facts-widget tg-fun-facts-layout-2\">\n\t\t<div class=\"fun-facts-wrapper\">\n\t\t\t\t\t\t\t\t\t<span class=\"counter-wrapper\"><span class=\"counter\">468<\/span><i class=\"fa fa-plus\"><\/i><\/span>\n\t\t\t\t\t\t\t\t\t<h3 class=\"fun-facts-title-wrap\">Wykonanych projekt\u00f3w<\/h3>\n\t\t\t\t\t<\/div>\n\t<\/div>\n<\/div>\n<\/div><\/div><\/div><div id=\"pgc-6-3-2\"  class=\"panel-grid-cell\" ><div id=\"panel-6-3-2-0\" class=\"so-panel widget widget_themegrill_flash_counter tg-widget tg-single-counter panel-first-child panel-last-child\" data-index=\"7\" ><div class=\"flash_inherit_color panel-widget-style panel-widget-style-for-6-3-2-0\" ><div class=\"fun-facts-section\">\n\t<div class=\"tg-fun-facts-widget tg-fun-facts-layout-2\">\n\t\t<div class=\"fun-facts-wrapper\">\n\t\t\t\t\t\t\t\t\t<span class=\"counter-wrapper\"><span class=\"counter\">468<\/span><i class=\"fa fa-plus\"><\/i><\/span>\n\t\t\t\t\t\t\t\t\t<h3 class=\"fun-facts-title-wrap\">Projekt\u00f3w<\/h3>\n\t\t\t\t\t<\/div>\n\t<\/div>\n<\/div>\n<\/div><\/div><\/div><div id=\"pgc-6-3-3\"  class=\"panel-grid-cell\" ><div id=\"panel-6-3-3-0\" class=\"so-panel widget widget_themegrill_flash_counter tg-widget tg-single-counter panel-first-child panel-last-child\" data-index=\"8\" ><div class=\"flash_inherit_color panel-widget-style panel-widget-style-for-6-3-3-0\" ><div class=\"fun-facts-section\">\n\t<div class=\"tg-fun-facts-widget tg-fun-facts-layout-2\">\n\t\t<div class=\"fun-facts-wrapper\">\n\t\t\t\t\t\t\t\t\t<span class=\"counter-wrapper\"><span class=\"counter\">7809<\/span><i class=\"fa fa-plus\"><\/i><\/span>\n\t\t\t\t\t\t\t\t\t<h3 class=\"fun-facts-title-wrap\">Sprzedanych drzwi<\/h3>\n\t\t\t\t\t<\/div>\n\t<\/div>\n<\/div>\n<\/div><\/div><\/div><\/div><\/div><div id=\"pg-6-4\"  class=\"panel-grid panel-has-style\" ><div class=\"siteorigin-panels-stretch panel-row-style panel-row-style-for-6-4\" data-stretch-type=\"full-stretched\" ><div id=\"pgc-6-4-0\"  class=\"panel-grid-cell\" ><div id=\"panel-6-4-0-0\" class=\"so-panel widget widget_themegrill_flash_heading tg-widget section-title-wrapper panel-first-child\" data-index=\"9\" ><div class=\"flash_inherit_color panel-widget-style panel-widget-style-for-6-4-0-0\" >\t<h3 class=\"section-title\">Nasze projekty<\/h3>\n<\/div><\/div><div id=\"panel-6-4-0-1\" class=\"so-panel widget widget_themegrill_flash_portfolio tg-section feature-product-section panel-last-child\" data-index=\"10\" ><div class=\"tg-feature-product-layout-2 tg-feature-product-filter-layout\"><div class=\"tg-container\"><div class=\"grid\"><div class=\"tg-column-wrapper\"><div class=\"tg-feature-product-widget element-item uxdesign tg-column-4 construction-projects \" data-category=\"construction-projects \"><figure><img decoding=\"async\" width=\"760\" height=\"760\" src=\"https:\/\/salonaleje.pl\/wp-content\/uploads\/2017\/02\/POL-SKONE_drzwi_Sabia.jpg\" class=\"attachment-full size-full wp-post-image\" alt=\"\" srcset=\"https:\/\/salonaleje.pl\/wp-content\/uploads\/2017\/02\/POL-SKONE_drzwi_Sabia.jpg 760w, https:\/\/salonaleje.pl\/wp-content\/uploads\/2017\/02\/POL-SKONE_drzwi_Sabia-300x300.jpg 300w, https:\/\/salonaleje.pl\/wp-content\/uploads\/2017\/02\/POL-SKONE_drzwi_Sabia-150x150.jpg 150w\" sizes=\"(max-width: 760px) 100vw, 760px\" \/><\/figure><div class=\"featured-image-desc\"><span><a href=\"https:\/\/salonaleje.pl\/?portfolio=corporate-building\"><i class=\"fa fa-plus\"><\/i><\/a><\/span><div class=\"feature-inner-block\"><h3 class=\"feature-title-wrap\"><a href=\"https:\/\/salonaleje.pl\/?portfolio=corporate-building\">Drzwi wewnetrzne<\/a><\/h3><h4 class=\"feature-desc-wrap\">Drzwi wewn\u0119trzne.<\/h4><\/div><\/div><\/div><div class=\"tg-feature-product-widget element-item uxdesign tg-column-4 construction-projects \" data-category=\"construction-projects \"><figure><img loading=\"lazy\" decoding=\"async\" width=\"760\" height=\"760\" src=\"https:\/\/salonaleje.pl\/wp-content\/uploads\/2017\/02\/PdD_2021_okna-i-drzwi-WISNIOWSKI-www-4-2.webp\" class=\"attachment-full size-full wp-post-image\" alt=\"\" srcset=\"https:\/\/salonaleje.pl\/wp-content\/uploads\/2017\/02\/PdD_2021_okna-i-drzwi-WISNIOWSKI-www-4-2.webp 760w, https:\/\/salonaleje.pl\/wp-content\/uploads\/2017\/02\/PdD_2021_okna-i-drzwi-WISNIOWSKI-www-4-2-300x300.webp 300w, https:\/\/salonaleje.pl\/wp-content\/uploads\/2017\/02\/PdD_2021_okna-i-drzwi-WISNIOWSKI-www-4-2-150x150.webp 150w\" sizes=\"(max-width: 760px) 100vw, 760px\" \/><\/figure><div class=\"featured-image-desc\"><span><a href=\"https:\/\/salonaleje.pl\/?portfolio=home-exterior-design\"><i class=\"fa fa-plus\"><\/i><\/a><\/span><div class=\"feature-inner-block\"><h3 class=\"feature-title-wrap\"><a href=\"https:\/\/salonaleje.pl\/?portfolio=home-exterior-design\">Drzwi zewn\u0119trzne<\/a><\/h3><h4 class=\"feature-desc-wrap\">Drzwi zewn\u0119trzne.<\/h4><\/div><\/div><\/div><div class=\"tg-feature-product-widget element-item uxdesign tg-column-4 construction-projects \" data-category=\"construction-projects \"><figure><img loading=\"lazy\" decoding=\"async\" width=\"760\" height=\"760\" src=\"https:\/\/salonaleje.pl\/wp-content\/uploads\/2017\/02\/garaz.jpg\" class=\"attachment-full size-full wp-post-image\" alt=\"\" srcset=\"https:\/\/salonaleje.pl\/wp-content\/uploads\/2017\/02\/garaz.jpg 760w, https:\/\/salonaleje.pl\/wp-content\/uploads\/2017\/02\/garaz-300x300.jpg 300w, https:\/\/salonaleje.pl\/wp-content\/uploads\/2017\/02\/garaz-150x150.jpg 150w\" sizes=\"(max-width: 760px) 100vw, 760px\" \/><\/figure><div class=\"featured-image-desc\"><span><a href=\"https:\/\/salonaleje.pl\/?portfolio=home-design\"><i class=\"fa fa-plus\"><\/i><\/a><\/span><div class=\"feature-inner-block\"><h3 class=\"feature-title-wrap\"><a href=\"https:\/\/salonaleje.pl\/?portfolio=home-design\">Drzwi gara\u017cowe<\/a><\/h3><h4 class=\"feature-desc-wrap\">Oferujemy szerok\u0105 gam\u0119 drzwi gara\u017cowych.<\/h4><\/div><\/div><\/div><div class=\"tg-feature-product-widget element-item uxdesign tg-column-4 construction-projects \" data-category=\"construction-projects \"><figure><img loading=\"lazy\" decoding=\"async\" width=\"800\" height=\"800\" src=\"https:\/\/salonaleje.pl\/wp-content\/uploads\/2017\/02\/panele-1.jpg\" class=\"attachment-full size-full wp-post-image\" alt=\"\" srcset=\"https:\/\/salonaleje.pl\/wp-content\/uploads\/2017\/02\/panele-1.jpg 800w, https:\/\/salonaleje.pl\/wp-content\/uploads\/2017\/02\/panele-1-300x300.jpg 300w, https:\/\/salonaleje.pl\/wp-content\/uploads\/2017\/02\/panele-1-150x150.jpg 150w, https:\/\/salonaleje.pl\/wp-content\/uploads\/2017\/02\/panele-1-768x768.jpg 768w\" sizes=\"(max-width: 800px) 100vw, 800px\" \/><\/figure><div class=\"featured-image-desc\"><span><a href=\"https:\/\/salonaleje.pl\/?portfolio=university-building\"><i class=\"fa fa-plus\"><\/i><\/a><\/span><div class=\"feature-inner-block\"><h3 class=\"feature-title-wrap\"><a href=\"https:\/\/salonaleje.pl\/?portfolio=university-building\">Panele pod\u0142ogowe<\/a><\/h3><h4 class=\"feature-desc-wrap\">Panele pod\u0142ogowe.<\/h4><\/div><\/div><\/div><div class=\"tg-feature-product-widget element-item uxdesign tg-column-4 construction-projects \" data-category=\"construction-projects \"><figure><img loading=\"lazy\" decoding=\"async\" width=\"628\" height=\"564\" src=\"https:\/\/salonaleje.pl\/wp-content\/uploads\/2017\/02\/okna3.jpg\" class=\"attachment-full size-full wp-post-image\" alt=\"\" srcset=\"https:\/\/salonaleje.pl\/wp-content\/uploads\/2017\/02\/okna3.jpg 628w, https:\/\/salonaleje.pl\/wp-content\/uploads\/2017\/02\/okna3-300x269.jpg 300w\" sizes=\"(max-width: 628px) 100vw, 628px\" \/><\/figure><div class=\"featured-image-desc\"><span><a href=\"https:\/\/salonaleje.pl\/?portfolio=bridge-construction\"><i class=\"fa fa-plus\"><\/i><\/a><\/span><div class=\"feature-inner-block\"><h3 class=\"feature-title-wrap\"><a href=\"https:\/\/salonaleje.pl\/?portfolio=bridge-construction\">Okna<\/a><\/h3><h4 class=\"feature-desc-wrap\">Okna<\/h4><\/div><\/div><\/div><div class=\"tg-feature-product-widget element-item uxdesign tg-column-4 construction-projects \" data-category=\"construction-projects \"><figure><img loading=\"lazy\" decoding=\"async\" width=\"628\" height=\"564\" src=\"https:\/\/salonaleje.pl\/wp-content\/uploads\/2017\/02\/akcesoria6-1.jpg\" class=\"attachment-full size-full wp-post-image\" alt=\"\" srcset=\"https:\/\/salonaleje.pl\/wp-content\/uploads\/2017\/02\/akcesoria6-1.jpg 628w, https:\/\/salonaleje.pl\/wp-content\/uploads\/2017\/02\/akcesoria6-1-300x269.jpg 300w\" sizes=\"(max-width: 628px) 100vw, 628px\" \/><\/figure><div class=\"featured-image-desc\"><span><a href=\"https:\/\/salonaleje.pl\/?portfolio=library-interior-design\"><i class=\"fa fa-plus\"><\/i><\/a><\/span><div class=\"feature-inner-block\"><h3 class=\"feature-title-wrap\"><a href=\"https:\/\/salonaleje.pl\/?portfolio=library-interior-design\">Akcesoria<\/a><\/h3><h4 class=\"feature-desc-wrap\">Duis autem vel eum iriure dolor in hendrerit in vulputate velit esse molestie consequat, vel illum dolore eu feugiat nulla [&hellip;]<\/h4><\/div><\/div><\/div><div class=\"tg-feature-product-widget element-item uxdesign tg-column-4 construction-projects \" data-category=\"construction-projects \"><figure><img loading=\"lazy\" decoding=\"async\" width=\"628\" height=\"564\" src=\"https:\/\/salonaleje.pl\/wp-content\/uploads\/2017\/02\/krispol-rolety-zewnetrzne-naokienne1-1.jpg\" class=\"attachment-full size-full wp-post-image\" alt=\"\" srcset=\"https:\/\/salonaleje.pl\/wp-content\/uploads\/2017\/02\/krispol-rolety-zewnetrzne-naokienne1-1.jpg 628w, https:\/\/salonaleje.pl\/wp-content\/uploads\/2017\/02\/krispol-rolety-zewnetrzne-naokienne1-1-300x269.jpg 300w\" sizes=\"(max-width: 628px) 100vw, 628px\" \/><\/figure><div class=\"featured-image-desc\"><span><a href=\"https:\/\/salonaleje.pl\/?portfolio=power-plant-project\"><i class=\"fa fa-plus\"><\/i><\/a><\/span><div class=\"feature-inner-block\"><h3 class=\"feature-title-wrap\"><a href=\"https:\/\/salonaleje.pl\/?portfolio=power-plant-project\">Rolety zewn\u0119trzne<\/a><\/h3><h4 class=\"feature-desc-wrap\">Duis autem vel eum iriure dolor in hendrerit in vulputate velit esse molestie consequat, vel illum dolore eu feugiat nulla [&hellip;]<\/h4><\/div><\/div><\/div><div class=\"tg-feature-product-widget element-item uxdesign tg-column-4 construction-projects \" data-category=\"construction-projects \"><figure><img loading=\"lazy\" decoding=\"async\" width=\"628\" height=\"564\" src=\"https:\/\/salonaleje.pl\/wp-content\/uploads\/2017\/02\/2f70d5a9f9601d8dbd54429a8305935f26762754-1.jpg\" class=\"attachment-full size-full wp-post-image\" alt=\"\" srcset=\"https:\/\/salonaleje.pl\/wp-content\/uploads\/2017\/02\/2f70d5a9f9601d8dbd54429a8305935f26762754-1.jpg 628w, https:\/\/salonaleje.pl\/wp-content\/uploads\/2017\/02\/2f70d5a9f9601d8dbd54429a8305935f26762754-1-300x269.jpg 300w\" sizes=\"(max-width: 628px) 100vw, 628px\" \/><\/figure><div class=\"featured-image-desc\"><span><a href=\"https:\/\/salonaleje.pl\/?portfolio=railway-construction\"><i class=\"fa fa-plus\"><\/i><\/a><\/span><div class=\"feature-inner-block\"><h3 class=\"feature-title-wrap\"><a href=\"https:\/\/salonaleje.pl\/?portfolio=railway-construction\">Rolety wewn\u0119trzne<\/a><\/h3><h4 class=\"feature-desc-wrap\">Duis autem vel eum iriure dolor in hendrerit in vulputate velit esse molestie consequat, vel illum dolore eu feugiat nulla [&hellip;]<\/h4><\/div><\/div><\/div><\/div><!-- \/.tg-column-wrapper--><\/div><!-- \/.grid --><\/div><!-- \/.tg-container --><\/div><!-- \/.layout div --><\/div><\/div><\/div><\/div><div id=\"pg-6-5\"  class=\"panel-grid panel-has-style\" ><div class=\"siteorigin-panels-stretch panel-row-style panel-row-style-for-6-5\" data-siteorigin-parallax=\"{&quot;backgroundUrl&quot;:&quot;https:\\\/\\\/salonaleje.pl\\\/wp-content\\\/uploads\\\/2017\\\/01\\\/testimonial-bg.jpg&quot;,&quot;backgroundSize&quot;:[1920,800],&quot;backgroundSizing&quot;:&quot;scaled&quot;,&quot;limitMotion&quot;:&quot;auto&quot;}\" data-stretch-type=\"full\" ><div id=\"pgc-6-5-0\"  class=\"panel-grid-cell\" ><div id=\"panel-6-5-0-0\" class=\"so-panel widget widget_text panel-first-child panel-last-child\" data-index=\"11\" ><div class=\"flash_inherit_color panel-widget-style panel-widget-style-for-6-5-0-0\" >\t\t\t<div class=\"textwidget\"><h2>kontakt:  tel.: 510 258 267<\/h2>\n<p>Stw\u00f3rz swoj\u0105 harmoni\u0119<\/p><\/div>\n\t\t<\/div><\/div><\/div><\/div><\/div><\/div>","protected":false},"excerpt":{"rendered":"<p>Dlaczego warto nas wybra\u0107? Fachowe doradztwo, mi\u0142a obs\u0142uga i szybkie terminy wykonania powierzonych prac kontakt: tel.: 510 258 267 Stw\u00f3rz [&hellip;]<\/p>\n","protected":false},"author":1,"featured_media":0,"parent":0,"menu_order":0,"comment_status":"closed","ping_status":"closed","template":"page-templates\/pagebuilder.php","meta":{"footnotes":""},"class_list":["post-6","page","type-page","status-publish","hentry"],"yoast_head":"<!-- This site is optimized with the Yoast SEO plugin v26.9 - https:\/\/yoast.com\/product\/yoast-seo-wordpress\/ -->\n<title>Home - Salon aleje - Krotoszyn- drzwi i panele<\/title>\n<meta name=\"robots\" content=\"index, follow, max-snippet:-1, max-image-preview:large, max-video-preview:-1\" \/>\n<link rel=\"canonical\" href=\"https:\/\/salonaleje.pl\/\" \/>\n<meta property=\"og:locale\" content=\"pl_PL\" \/>\n<meta property=\"og:type\" content=\"article\" \/>\n<meta property=\"og:title\" content=\"Home - Salon aleje - Krotoszyn- drzwi i panele\" \/>\n<meta property=\"og:description\" content=\"Dlaczego warto nas wybra\u0107? Fachowe doradztwo, mi\u0142a obs\u0142uga i szybkie terminy wykonania powierzonych prac kontakt: tel.: 510 258 267 Stw\u00f3rz [&hellip;]\" \/>\n<meta property=\"og:url\" content=\"https:\/\/salonaleje.pl\/\" \/>\n<meta property=\"og:site_name\" content=\"Salon aleje - Krotoszyn- drzwi i panele\" \/>\n<meta property=\"article:modified_time\" content=\"2026-02-13T14:22:46+00:00\" \/>\n<meta name=\"twitter:card\" content=\"summary_large_image\" \/>\n<meta name=\"twitter:label1\" content=\"Szacowany czas czytania\" \/>\n\t<meta name=\"twitter:data1\" content=\"1 minuta\" \/>\n<script type=\"application\/ld+json\" class=\"yoast-schema-graph\">{\"@context\":\"https:\/\/schema.org\",\"@graph\":[{\"@type\":\"WebPage\",\"@id\":\"https:\/\/salonaleje.pl\/\",\"url\":\"https:\/\/salonaleje.pl\/\",\"name\":\"Home - Salon aleje - Krotoszyn- drzwi i panele\",\"isPartOf\":{\"@id\":\"https:\/\/salonaleje.pl\/#website\"},\"datePublished\":\"2017-01-30T03:39:17+00:00\",\"dateModified\":\"2026-02-13T14:22:46+00:00\",\"breadcrumb\":{\"@id\":\"https:\/\/salonaleje.pl\/#breadcrumb\"},\"inLanguage\":\"pl-PL\",\"potentialAction\":[{\"@type\":\"ReadAction\",\"target\":[\"https:\/\/salonaleje.pl\/\"]}]},{\"@type\":\"BreadcrumbList\",\"@id\":\"https:\/\/salonaleje.pl\/#breadcrumb\",\"itemListElement\":[{\"@type\":\"ListItem\",\"position\":1,\"name\":\"Home\",\"item\":\"https:\/\/salonaleje.pl\/\"},{\"@type\":\"ListItem\",\"position\":2,\"name\":\"Home\"}]},{\"@type\":\"WebSite\",\"@id\":\"https:\/\/salonaleje.pl\/#website\",\"url\":\"https:\/\/salonaleje.pl\/\",\"name\":\"Salon aleje - Krotoszyn- drzwi i panele\",\"description\":\"STW\u00d3RZ SWOJ\u0104 HARMONI\u0118\",\"publisher\":{\"@id\":\"https:\/\/salonaleje.pl\/#organization\"},\"potentialAction\":[{\"@type\":\"SearchAction\",\"target\":{\"@type\":\"EntryPoint\",\"urlTemplate\":\"https:\/\/salonaleje.pl\/?s={search_term_string}\"},\"query-input\":{\"@type\":\"PropertyValueSpecification\",\"valueRequired\":true,\"valueName\":\"search_term_string\"}}],\"inLanguage\":\"pl-PL\"},{\"@type\":\"Organization\",\"@id\":\"https:\/\/salonaleje.pl\/#organization\",\"name\":\"Salon aleje - Krotoszyn- drzwi i panele\",\"url\":\"https:\/\/salonaleje.pl\/\",\"logo\":{\"@type\":\"ImageObject\",\"inLanguage\":\"pl-PL\",\"@id\":\"https:\/\/salonaleje.pl\/#\/schema\/logo\/image\/\",\"url\":\"https:\/\/salonaleje.pl\/wp-content\/uploads\/2022\/12\/logo_male-2.png\",\"contentUrl\":\"https:\/\/salonaleje.pl\/wp-content\/uploads\/2022\/12\/logo_male-2.png\",\"width\":100,\"height\":57,\"caption\":\"Salon aleje  -  Krotoszyn- drzwi i panele\"},\"image\":{\"@id\":\"https:\/\/salonaleje.pl\/#\/schema\/logo\/image\/\"}}]}<\/script>\n<!-- \/ Yoast SEO plugin. -->","yoast_head_json":{"title":"Home - Salon aleje - Krotoszyn- drzwi i panele","robots":{"index":"index","follow":"follow","max-snippet":"max-snippet:-1","max-image-preview":"max-image-preview:large","max-video-preview":"max-video-preview:-1"},"canonical":"https:\/\/salonaleje.pl\/","og_locale":"pl_PL","og_type":"article","og_title":"Home - Salon aleje - Krotoszyn- drzwi i panele","og_description":"Dlaczego warto nas wybra\u0107? Fachowe doradztwo, mi\u0142a obs\u0142uga i szybkie terminy wykonania powierzonych prac kontakt: tel.: 510 258 267 Stw\u00f3rz [&hellip;]","og_url":"https:\/\/salonaleje.pl\/","og_site_name":"Salon aleje - Krotoszyn- drzwi i panele","article_modified_time":"2026-02-13T14:22:46+00:00","twitter_card":"summary_large_image","twitter_misc":{"Szacowany czas czytania":"1 minuta"},"schema":{"@context":"https:\/\/schema.org","@graph":[{"@type":"WebPage","@id":"https:\/\/salonaleje.pl\/","url":"https:\/\/salonaleje.pl\/","name":"Home - Salon aleje - Krotoszyn- drzwi i panele","isPartOf":{"@id":"https:\/\/salonaleje.pl\/#website"},"datePublished":"2017-01-30T03:39:17+00:00","dateModified":"2026-02-13T14:22:46+00:00","breadcrumb":{"@id":"https:\/\/salonaleje.pl\/#breadcrumb"},"inLanguage":"pl-PL","potentialAction":[{"@type":"ReadAction","target":["https:\/\/salonaleje.pl\/"]}]},{"@type":"BreadcrumbList","@id":"https:\/\/salonaleje.pl\/#breadcrumb","itemListElement":[{"@type":"ListItem","position":1,"name":"Home","item":"https:\/\/salonaleje.pl\/"},{"@type":"ListItem","position":2,"name":"Home"}]},{"@type":"WebSite","@id":"https:\/\/salonaleje.pl\/#website","url":"https:\/\/salonaleje.pl\/","name":"Salon aleje - Krotoszyn- drzwi i panele","description":"STW\u00d3RZ SWOJ\u0104 HARMONI\u0118","publisher":{"@id":"https:\/\/salonaleje.pl\/#organization"},"potentialAction":[{"@type":"SearchAction","target":{"@type":"EntryPoint","urlTemplate":"https:\/\/salonaleje.pl\/?s={search_term_string}"},"query-input":{"@type":"PropertyValueSpecification","valueRequired":true,"valueName":"search_term_string"}}],"inLanguage":"pl-PL"},{"@type":"Organization","@id":"https:\/\/salonaleje.pl\/#organization","name":"Salon aleje - Krotoszyn- drzwi i panele","url":"https:\/\/salonaleje.pl\/","logo":{"@type":"ImageObject","inLanguage":"pl-PL","@id":"https:\/\/salonaleje.pl\/#\/schema\/logo\/image\/","url":"https:\/\/salonaleje.pl\/wp-content\/uploads\/2022\/12\/logo_male-2.png","contentUrl":"https:\/\/salonaleje.pl\/wp-content\/uploads\/2022\/12\/logo_male-2.png","width":100,"height":57,"caption":"Salon aleje  -  Krotoszyn- drzwi i panele"},"image":{"@id":"https:\/\/salonaleje.pl\/#\/schema\/logo\/image\/"}}]}},"_links":{"self":[{"href":"https:\/\/salonaleje.pl\/index.php?rest_route=\/wp\/v2\/pages\/6","targetHints":{"allow":["GET"]}}],"collection":[{"href":"https:\/\/salonaleje.pl\/index.php?rest_route=\/wp\/v2\/pages"}],"about":[{"href":"https:\/\/salonaleje.pl\/index.php?rest_route=\/wp\/v2\/types\/page"}],"author":[{"embeddable":true,"href":"https:\/\/salonaleje.pl\/index.php?rest_route=\/wp\/v2\/users\/1"}],"replies":[{"embeddable":true,"href":"https:\/\/salonaleje.pl\/index.php?rest_route=%2Fwp%2Fv2%2Fcomments&post=6"}],"version-history":[{"count":91,"href":"https:\/\/salonaleje.pl\/index.php?rest_route=\/wp\/v2\/pages\/6\/revisions"}],"predecessor-version":[{"id":590,"href":"https:\/\/salonaleje.pl\/index.php?rest_route=\/wp\/v2\/pages\/6\/revisions\/590"}],"wp:attachment":[{"href":"https:\/\/salonaleje.pl\/index.php?rest_route=%2Fwp%2Fv2%2Fmedia&parent=6"}],"curies":[{"name":"wp","href":"https:\/\/api.w.org\/{rel}","templated":true}]}}